{"id":7082,"date":"2026-04-22T11:28:08","date_gmt":"2026-04-22T11:28:08","guid":{"rendered":"https:\/\/cool-panini.185-226-232-135.plesk.page\/aviso-legal\/"},"modified":"2026-04-27T10:04:26","modified_gmt":"2026-04-27T10:04:26","slug":"aviso-legal","status":"publish","type":"page","link":"https:\/\/frosty-sammet.109-228-56-25.plesk.page\/pt-pt\/aviso-legal\/","title":{"rendered":"Aviso legal"},"content":{"rendered":"\n<p><strong>Propriedade Intelectual e Industrial<\/strong><\/p>\n\n<p>A totalidade deste website: texto, imagens, marcas comerciais, log\u00f3tipos, ficheiros de \u00e1udio e v\u00eddeo, bot\u00f5es, ficheiros de software, combina\u00e7\u00f5es de cores, bem como a estrutura, sele\u00e7\u00e3o, ordena\u00e7\u00e3o e apresenta\u00e7\u00e3o dos seus conte\u00fados, encontra-se protegida pelas leis espanholas e internacionais sobre propriedade Intelectual e Industrial. Al\u00e9m disso, e sem preju\u00edzo do anteriormente citado, o conte\u00fado deste website tamb\u00e9m tem a considera\u00e7\u00e3o de programa de computador e \u00e9-lhe aplic\u00e1vel toda a normativa espanhola e comunit\u00e1ria europeia vigente sobre a mat\u00e9ria. \u00c9 expressamente proibida a reprodu\u00e7\u00e3o total ou parcial deste website ou de qualquer um dos seus conte\u00fados sem a autoriza\u00e7\u00e3o expressa e por escrito da JENDER Ib\u00e9rica 2006 S.L. Nesta p\u00e1gina encontrar\u00e1 informa\u00e7\u00f5es sobre a Pol\u00edtica de recolha e tratamento de cookies em cumprimento do disposto no artigo 22.2 da Lei 34\/2002, de 11 de julho, de Servi\u00e7os da Sociedade da Informa\u00e7\u00e3o e de Com\u00e9rcio Eletr\u00f3nico.  <\/p>\n\n<p>Comunicamos que os seus dados de car\u00e1cter pessoal s\u00e3o incorporados num ficheiro registado na Ag\u00eancia Espanhola de Prote\u00e7\u00e3o de Dados e cuja titularidade e responsabilidade \u00e9 da JENDER Ib\u00e9rica 2006 S.L., \u00fanico destinat\u00e1rio dos mesmos, com o fim de gerir adequadamente as nossas rela\u00e7\u00f5es comerciais. O interessado poder\u00e1, em qualquer momento, exercer os direitos de acesso, retifica\u00e7\u00e3o, cancelamento e oposi\u00e7\u00e3o dos seus dados pessoais mediante escrito dirigido \u00e0 JENDER Ib\u00e9rica 2006 S.L., c\/ Almansa 2 \u2013 2\u00aa plta. Pol\u00edgono Industrial Carr\u00fas 03206 Elche (ALICANTE) ou atrav\u00e9s do telefone 965 463 436. O titular do ficheiro tomou as medidas necess\u00e1rias para garantir em todos os momentos a seguran\u00e7a e confidencialidade dos dados fornecidos.   <\/p>\n","protected":false},"excerpt":{"rendered":"<p>Propriedade Intelectual e Industrial A totalidade deste website: texto, imagens, marcas comerciais, log\u00f3tipos, ficheiros de \u00e1udio e v\u00eddeo, bot\u00f5es, ficheiros [&hellip;]<\/p>\n","protected":false},"author":2,"featured_media":0,"parent":0,"menu_order":0,"comment_status":"closed","ping_status":"closed","template":"","meta":{"_acf_changed":false,"site-sidebar-layout":"default","site-content-layout":"","ast-site-content-layout":"default","site-content-style":"default","site-sidebar-style":"default","ast-global-header-display":"","ast-banner-title-visibility":"","ast-main-header-display":"","ast-hfb-above-header-display":"","ast-hfb-below-header-display":"","ast-hfb-mobile-header-display":"","site-post-title":"","ast-breadcrumbs-content":"","ast-featured-img":"","footer-sml-layout":"","ast-disable-related-posts":"","theme-transparent-header-meta":"","adv-header-id-meta":"","stick-header-meta":"","header-above-stick-meta":"","header-main-stick-meta":"","header-below-stick-meta":"","astra-migrate-meta-layouts":"default","ast-page-background-enabled":"default","ast-page-background-meta":{"desktop":{"background-color":"var(--ast-global-color-5)","background-image":"","background-repeat":"repeat","background-position":"center center","background-size":"auto","background-attachment":"scroll","background-type":"","background-media":"","overlay-type":"","overlay-color":"","overlay-opacity":"","overlay-gradient":""},"tablet":{"background-color":"","background-image":"","background-repeat":"repeat","background-position":"center center","background-size":"auto","background-attachment":"scroll","background-type":"","background-media":"","overlay-type":"","overlay-color":"","overlay-opacity":"","overlay-gradient":""},"mobile":{"background-color":"","background-image":"","background-repeat":"repeat","background-position":"center center","background-size":"auto","background-attachment":"scroll","background-type":"","background-media":"","overlay-type":"","overlay-color":"","overlay-opacity":"","overlay-gradient":""}},"ast-content-background-meta":{"desktop":{"background-color":"var(--ast-global-color-4)","background-image":"","background-repeat":"repeat","background-position":"center center","background-size":"auto","background-attachment":"scroll","background-type":"","background-media":"","overlay-type":"","overlay-color":"","overlay-opacity":"","overlay-gradient":""},"tablet":{"background-color":"var(--ast-global-color-4)","background-image":"","background-repeat":"repeat","background-position":"center center","background-size":"auto","background-attachment":"scroll","background-type":"","background-media":"","overlay-type":"","overlay-color":"","overlay-opacity":"","overlay-gradient":""},"mobile":{"background-color":"var(--ast-global-color-4)","background-image":"","background-repeat":"repeat","background-position":"center center","background-size":"auto","background-attachment":"scroll","background-type":"","background-media":"","overlay-type":"","overlay-color":"","overlay-opacity":"","overlay-gradient":""}},"footnotes":""},"class_list":["post-7082","page","type-page","status-publish","hentry"],"acf":[],"_links":{"self":[{"href":"https:\/\/frosty-sammet.109-228-56-25.plesk.page\/pt-pt\/wp-json\/wp\/v2\/pages\/7082","targetHints":{"allow":["GET"]}}],"collection":[{"href":"https:\/\/frosty-sammet.109-228-56-25.plesk.page\/pt-pt\/wp-json\/wp\/v2\/pages"}],"about":[{"href":"https:\/\/frosty-sammet.109-228-56-25.plesk.page\/pt-pt\/wp-json\/wp\/v2\/types\/page"}],"author":[{"embeddable":true,"href":"https:\/\/frosty-sammet.109-228-56-25.plesk.page\/pt-pt\/wp-json\/wp\/v2\/users\/2"}],"replies":[{"embeddable":true,"href":"https:\/\/frosty-sammet.109-228-56-25.plesk.page\/pt-pt\/wp-json\/wp\/v2\/comments?post=7082"}],"version-history":[{"count":1,"href":"https:\/\/frosty-sammet.109-228-56-25.plesk.page\/pt-pt\/wp-json\/wp\/v2\/pages\/7082\/revisions"}],"predecessor-version":[{"id":7085,"href":"https:\/\/frosty-sammet.109-228-56-25.plesk.page\/pt-pt\/wp-json\/wp\/v2\/pages\/7082\/revisions\/7085"}],"wp:attachment":[{"href":"https:\/\/frosty-sammet.109-228-56-25.plesk.page\/pt-pt\/wp-json\/wp\/v2\/media?parent=7082"}],"curies":[{"name":"wp","href":"https:\/\/api.w.org\/{rel}","templated":true}]}}