{"id":7076,"date":"2026-04-22T11:31:51","date_gmt":"2026-04-22T11:31:51","guid":{"rendered":"https:\/\/cool-panini.185-226-232-135.plesk.page\/politica-de-cookies\/"},"modified":"2026-04-27T10:03:55","modified_gmt":"2026-04-27T10:03:55","slug":"politica-de-cookies","status":"publish","type":"page","link":"https:\/\/frosty-sammet.109-228-56-25.plesk.page\/pt-pt\/politica-de-cookies\/","title":{"rendered":"POL\u00cdTICA DE COOKIES"},"content":{"rendered":"\n<p>O s\u00edtio Web da <strong>Jender Iberica 2006 SL<\/strong> e os seus dom\u00ednios utilizam cookies (pequenos ficheiros de informa\u00e7\u00e3o que o servidor envia para o computador de quem acede \u00e0 p\u00e1gina) para o correto funcionamento e visualiza\u00e7\u00e3o dos s\u00edtios Web por parte do utilizador, bem como a recolha de estat\u00edsticas.<\/p>\n\n<p><strong>Utiliza\u00e7\u00e3o de Cookies<\/strong><\/p>\n\n<p><strong>Jender Iberica 2006 SL<\/strong>, ou por sua conta, um terceiro contratado para a presta\u00e7\u00e3o de servi\u00e7os de medi\u00e7\u00e3o de audi\u00eancias, podem utilizar cookies quando um utilizador navega pelos s\u00edtios e p\u00e1ginas do website.<\/p>\n\n<p>Os servidores web da <strong>Jender Iberica 2006 SL<\/strong> detetam automaticamente o endere\u00e7o IP e o nome do dom\u00ednio utilizados pelo utilizador. Toda esta informa\u00e7\u00e3o \u00e9 registada num ficheiro de atividade do servidor que permite o posterior processamento dos dados com o objetivo de obter medi\u00e7\u00f5es estat\u00edsticas que permitam conhecer o n\u00famero de impress\u00f5es de p\u00e1ginas, com o n\u00famero de visitas realizadas aos servi\u00e7os web, etc. <\/p>\n\n<p>Adicionalmente, a <strong>Jender Iberica 2006 SL<\/strong> tem presen\u00e7a em portais e servi\u00e7os de terceiros para os quais, se desejar conhecer as condi\u00e7\u00f5es de privacidade e utiliza\u00e7\u00e3o de cookies, dever\u00e1 consultar as pol\u00edticas fornecidas pelos mesmos:<\/p>\n\n<ul class=\"wp-block-list\">\n<li>Facebook: <a href=\"https:\/\/es-es.facebook.com\/help\/cookies\" target=\"_blank\" rel=\"noreferrer noopener\">https:\/\/es-es.facebook.com\/help\/cookies<\/a><\/li>\n\n\n\n<li>Twitter: <a href=\"https:\/\/twitter.com\/privacy\" target=\"_blank\" rel=\"noreferrer noopener\">https:\/\/twitter.com\/privacy<\/a><\/li>\n\n\n\n<li>Youtube: <a href=\"https:\/\/www.google.es\/intl\/es\/policies\/technologies\/cookies\/\" target=\"_blank\" rel=\"noreferrer noopener\">https:\/\/www.google.es\/intl\/es\/policies\/technologies\/cookies\/<\/a><\/li>\n\n\n\n<li>Linkedin: <a href=\"http:\/\/www.linkedin.com\/legal\/privacy-policy\" target=\"_blank\" rel=\"noreferrer noopener\">http:\/\/www.linkedin.com\/legal\/privacy-policy<\/a><\/li>\n\n\n\n<li>Google+: <a href=\"https:\/\/www.google.es\/intl\/es\/policies\/technologies\/cookies\/\" target=\"_blank\" rel=\"noreferrer noopener\">https:\/\/www.google.es\/intl\/es\/policies\/technologies\/cookies\/<\/a><br\/><\/li>\n<\/ul>\n\n<p><strong>Tipos de Cookies utilizadas por este website<\/strong><\/p>\n\n<p>Em concreto, as cookies utilizadas por este website s\u00e3o as seguintes:<\/p>\n\n<ul class=\"wp-block-list\">\n<li>_ga, _gid, s\u00e3o usadas para distinguir os utilizadores.<br\/><\/li>\n<\/ul>\n\n<p><strong>Revoga\u00e7\u00e3o e elimina\u00e7\u00e3o de cookies<\/strong><\/p>\n\n<p>A qualquer momento poder\u00e1 aceder \u00e0 configura\u00e7\u00e3o do seu navegador aceitando ou rejeitando todas as cookies, ou selecionar aquelas cuja instala\u00e7\u00e3o admite e quais n\u00e3o, seguindo um dos seguintes procedimentos, que depende do navegador que utiliza:<\/p>\n\n<ul class=\"wp-block-list\">\n<li><strong>Google Chrome<\/strong> (no Menu Ferramentas)<br\/>Defini\u00e7\u00f5es &gt; Mostrar op\u00e7\u00f5es avan\u00e7adas &gt; Privacidade (Defini\u00e7\u00f5es de Conte\u00fado) &gt; Cookies<br\/>Mais informa\u00e7\u00f5es: <a href=\"https:\/\/support.google.com\/chrome\/answer\/95647?hl=es\" target=\"_blank\" rel=\"noreferrer noopener\">https:\/\/support.google.com\/chrome\/answer\/95647?hl=es<\/a><\/li>\n\n\n\n<li><strong>Microsoft Internet Explorer<\/strong> (no Menu Ferramentas)<br\/>Op\u00e7\u00f5es de Internet &gt; Privacidade &gt; Avan\u00e7adas<br\/>Mais informa\u00e7\u00f5es: <a href=\"http:\/\/windows.microsoft.com\/es-es\/internet-explorer\/delete-manage-cookies#ie=ie-9\" target=\"_blank\" rel=\"noreferrer noopener\">http:\/\/windows.microsoft.com\/es-es\/internet-explorer\/delete-manage-cookies#ie=ie-9<\/a><\/li>\n\n\n\n<li><strong>Firefox<\/strong><br\/>Op\u00e7\u00f5es &gt; Privacidade &gt; Cookies<br\/>Mais informa\u00e7\u00f5es: <a href=\"http:\/\/support.mozilla.org\/es\/kb\/habilitar-y-deshabilitar-cookies-que-los-sitios-we\" target=\"_blank\" rel=\"noreferrer noopener\">http:\/\/support.mozilla.org\/es\/kb\/habilitar-y-deshabilitar-cookies-que-los-sitios-we<\/a><\/li>\n\n\n\n<li><strong>Safari, iPad e iPhone<\/strong><br\/>Prefer\u00eancias &gt; Privacidade<br\/>Mais informa\u00e7\u00f5es: <a href=\"http:\/\/www.apple.com\/es\/privacy\/use-of-cookies\/\" target=\"_blank\" rel=\"noreferrer noopener\">http:\/\/www.apple.com\/es\/privacy\/use-of-cookies\/<\/a><\/li>\n\n\n\n<li><strong>Opera<br\/><\/strong>Defini\u00e7\u00f5es &gt; Op\u00e7\u00f5es &gt; Avan\u00e7adas &gt; Cookies<br\/>Mais informa\u00e7\u00f5es: <a href=\"http:\/\/help.opera.com\/Linux\/10.60\/es-ES\/cookies.html\" target=\"_blank\" rel=\"noreferrer noopener\">http:\/\/help.opera.com\/Linux\/10.60\/es-ES\/cookies.html<\/a><br\/><\/li>\n<\/ul>\n\n<p><strong>Consentimento para a utiliza\u00e7\u00e3o de cookies<\/strong><\/p>\n\n<p>O Utilizador declara ter sido informado das condi\u00e7\u00f5es sobre a utiliza\u00e7\u00e3o de cookies, aceitando e consentindo a sua utiliza\u00e7\u00e3o por parte da <strong>Jender Iberica 2006 SL<\/strong> na forma e para as finalidades indicadas no presente Aviso Legal.<\/p>\n","protected":false},"excerpt":{"rendered":"<p>O s\u00edtio Web da Jender Iberica 2006 SL e os seus dom\u00ednios utilizam cookies (pequenos ficheiros de informa\u00e7\u00e3o que o [&hellip;]<\/p>\n","protected":false},"author":2,"featured_media":0,"parent":0,"menu_order":0,"comment_status":"closed","ping_status":"closed","template":"","meta":{"_acf_changed":false,"site-sidebar-layout":"default","site-content-layout":"","ast-site-content-layout":"default","site-content-style":"default","site-sidebar-style":"default","ast-global-header-display":"","ast-banner-title-visibility":"","ast-main-header-display":"","ast-hfb-above-header-display":"","ast-hfb-below-header-display":"","ast-hfb-mobile-header-display":"","site-post-title":"","ast-breadcrumbs-content":"","ast-featured-img":"","footer-sml-layout":"","ast-disable-related-posts":"","theme-transparent-header-meta":"","adv-header-id-meta":"","stick-header-meta":"","header-above-stick-meta":"","header-main-stick-meta":"","header-below-stick-meta":"","astra-migrate-meta-layouts":"default","ast-page-background-enabled":"default","ast-page-background-meta":{"desktop":{"background-color":"var(--ast-global-color-5)","background-image":"","background-repeat":"repeat","background-position":"center center","background-size":"auto","background-attachment":"scroll","background-type":"","background-media":"","overlay-type":"","overlay-color":"","overlay-opacity":"","overlay-gradient":""},"tablet":{"background-color":"","background-image":"","background-repeat":"repeat","background-position":"center center","background-size":"auto","background-attachment":"scroll","background-type":"","background-media":"","overlay-type":"","overlay-color":"","overlay-opacity":"","overlay-gradient":""},"mobile":{"background-color":"","background-image":"","background-repeat":"repeat","background-position":"center center","background-size":"auto","background-attachment":"scroll","background-type":"","background-media":"","overlay-type":"","overlay-color":"","overlay-opacity":"","overlay-gradient":""}},"ast-content-background-meta":{"desktop":{"background-color":"var(--ast-global-color-4)","background-image":"","background-repeat":"repeat","background-position":"center center","background-size":"auto","background-attachment":"scroll","background-type":"","background-media":"","overlay-type":"","overlay-color":"","overlay-opacity":"","overlay-gradient":""},"tablet":{"background-color":"var(--ast-global-color-4)","background-image":"","background-repeat":"repeat","background-position":"center center","background-size":"auto","background-attachment":"scroll","background-type":"","background-media":"","overlay-type":"","overlay-color":"","overlay-opacity":"","overlay-gradient":""},"mobile":{"background-color":"var(--ast-global-color-4)","background-image":"","background-repeat":"repeat","background-position":"center center","background-size":"auto","background-attachment":"scroll","background-type":"","background-media":"","overlay-type":"","overlay-color":"","overlay-opacity":"","overlay-gradient":""}},"footnotes":""},"class_list":["post-7076","page","type-page","status-publish","hentry"],"acf":[],"_links":{"self":[{"href":"https:\/\/frosty-sammet.109-228-56-25.plesk.page\/pt-pt\/wp-json\/wp\/v2\/pages\/7076","targetHints":{"allow":["GET"]}}],"collection":[{"href":"https:\/\/frosty-sammet.109-228-56-25.plesk.page\/pt-pt\/wp-json\/wp\/v2\/pages"}],"about":[{"href":"https:\/\/frosty-sammet.109-228-56-25.plesk.page\/pt-pt\/wp-json\/wp\/v2\/types\/page"}],"author":[{"embeddable":true,"href":"https:\/\/frosty-sammet.109-228-56-25.plesk.page\/pt-pt\/wp-json\/wp\/v2\/users\/2"}],"replies":[{"embeddable":true,"href":"https:\/\/frosty-sammet.109-228-56-25.plesk.page\/pt-pt\/wp-json\/wp\/v2\/comments?post=7076"}],"version-history":[{"count":1,"href":"https:\/\/frosty-sammet.109-228-56-25.plesk.page\/pt-pt\/wp-json\/wp\/v2\/pages\/7076\/revisions"}],"predecessor-version":[{"id":7077,"href":"https:\/\/frosty-sammet.109-228-56-25.plesk.page\/pt-pt\/wp-json\/wp\/v2\/pages\/7076\/revisions\/7077"}],"wp:attachment":[{"href":"https:\/\/frosty-sammet.109-228-56-25.plesk.page\/pt-pt\/wp-json\/wp\/v2\/media?parent=7076"}],"curies":[{"name":"wp","href":"https:\/\/api.w.org\/{rel}","templated":true}]}}