{"id":7562,"date":"2026-04-22T11:31:51","date_gmt":"2026-04-22T11:31:51","guid":{"rendered":"https:\/\/cool-panini.185-226-232-135.plesk.page\/politique-relative-aux-cookies\/"},"modified":"2026-04-27T10:12:32","modified_gmt":"2026-04-27T10:12:32","slug":"politique-relative-aux-cookies","status":"publish","type":"page","link":"https:\/\/frosty-sammet.109-228-56-25.plesk.page\/fr\/politique-relative-aux-cookies\/","title":{"rendered":"POLITIQUE RELATIVE AUX COOKIES"},"content":{"rendered":"\n<p>Le site web de <strong>Jender Iberica 2006 SL<\/strong> et ses domaines utilisent des cookies (petits fichiers d\u2019information que le serveur envoie \u00e0 l\u2019ordinateur de la personne qui acc\u00e8de \u00e0 la page) pour le bon fonctionnement et l\u2019affichage correct des sites web pour l\u2019utilisateur, ainsi que pour la collecte de statistiques.<\/p>\n\n<p><strong>Utilisation des cookies<\/strong><\/p>\n\n<p><strong>Jender Iberica 2006 SL<\/strong>, ou, pour son compte, un tiers engag\u00e9 pour la prestation de services de mesure d\u2019audience, peut utiliser des cookies lorsqu\u2019un utilisateur navigue sur les sites et pages du site web.<\/p>\n\n<p>Les serveurs web de <strong>Jender Iberica 2006 SL<\/strong> d\u00e9tectent automatiquement l\u2019adresse IP et le nom de domaine utilis\u00e9s par l\u2019utilisateur. Toutes ces informations sont enregistr\u00e9es dans un fichier d\u2019activit\u00e9 du serveur, permettant le traitement ult\u00e9rieur des donn\u00e9es afin d\u2019obtenir des mesures statistiques permettant de conna\u00eetre le nombre d\u2019impressions de pages, le nombre de visites effectu\u00e9es sur les services web, etc. <\/p>\n\n<p>En outre, <strong>Jender Iberica 2006 SL<\/strong> est pr\u00e9sent sur des portails et services de tiers ; si vous souhaitez conna\u00eetre les conditions de confidentialit\u00e9 et d\u2019utilisation des cookies, vous devez consulter les politiques fournies par ces derniers :<\/p>\n\n<ul class=\"wp-block-list\">\n<li>Facebook : <a href=\"https:\/\/es-es.facebook.com\/help\/cookies\" target=\"_blank\" rel=\"noreferrer noopener\">https:\/\/es-es.facebook.com\/help\/cookies<\/a><\/li>\n\n\n\n<li>Twitter : <a href=\"https:\/\/twitter.com\/privacy\" target=\"_blank\" rel=\"noreferrer noopener\">https:\/\/twitter.com\/privacy<\/a><\/li>\n\n\n\n<li>YouTube : <a href=\"https:\/\/www.google.es\/intl\/es\/policies\/technologies\/cookies\/\" target=\"_blank\" rel=\"noreferrer noopener\">https:\/\/www.google.es\/intl\/es\/policies\/technologies\/cookies\/<\/a><\/li>\n\n\n\n<li>LinkedIn : <a href=\"http:\/\/www.linkedin.com\/legal\/privacy-policy\" target=\"_blank\" rel=\"noreferrer noopener\">http:\/\/www.linkedin.com\/legal\/privacy-policy<\/a><\/li>\n\n\n\n<li>Google+ : <a href=\"https:\/\/www.google.es\/intl\/es\/policies\/technologies\/cookies\/\" target=\"_blank\" rel=\"noreferrer noopener\">https:\/\/www.google.es\/intl\/es\/policies\/technologies\/cookies\/<\/a><br\/><\/li>\n<\/ul>\n\n<p><strong>Types de cookies utilis\u00e9s par ce site<\/strong><\/p>\n\n<p>Plus pr\u00e9cis\u00e9ment, les cookies utilis\u00e9s par ce site sont les suivants :<\/p>\n\n<ul class=\"wp-block-list\">\n<li>_ga, _gid, utilis\u00e9s pour distinguer les utilisateurs.<br\/><\/li>\n<\/ul>\n\n<p><strong>R\u00e9vocation et suppression des cookies<\/strong><\/p>\n\n<p>\u00c0 tout moment, vous pouvez acc\u00e9der aux param\u00e8tres de votre navigateur en acceptant ou en refusant tous les cookies, ou bien s\u00e9lectionner ceux dont vous autorisez l\u2019installation et ceux que vous refusez, en suivant l\u2019une des proc\u00e9dures ci-dessous, selon le navigateur que vous utilisez :<\/p>\n\n<ul class=\"wp-block-list\">\n<li><strong>Google Chrome<\/strong> (dans le menu Outils)<br\/>Param\u00e8tres &gt; Afficher les param\u00e8tres avanc\u00e9s &gt; Confidentialit\u00e9 (Param\u00e8tres du contenu) &gt; Cookies<br\/>Plus d\u2019informations : <a href=\"https:\/\/support.google.com\/chrome\/answer\/95647?hl=es\" target=\"_blank\" rel=\"noreferrer noopener\">https:\/\/support.google.com\/chrome\/answer\/95647?hl=es<\/a><\/li>\n\n\n\n<li><strong>Microsoft Internet Explorer<\/strong> (dans le menu Outils)<br\/>Options Internet &gt; Confidentialit\u00e9 &gt; Avanc\u00e9<br\/>Plus d\u2019informations : <a href=\"http:\/\/windows.microsoft.com\/es-es\/internet-explorer\/delete-manage-cookies#ie=ie-9\" target=\"_blank\" rel=\"noreferrer noopener\">http:\/\/windows.microsoft.com\/es-es\/internet-explorer\/delete-manage-cookies#ie=ie-9<\/a><\/li>\n\n\n\n<li><strong>Firefox<\/strong><br\/>Options &gt; Confidentialit\u00e9 &gt; Cookies<br\/>Plus d\u2019informations : <a href=\"http:\/\/support.mozilla.org\/es\/kb\/habilitar-y-deshabilitar-cookies-que-los-sitios-we\" target=\"_blank\" rel=\"noreferrer noopener\">http:\/\/support.mozilla.org\/es\/kb\/habilitar-y-deshabilitar-cookies-que-los-sitios-we<\/a><\/li>\n\n\n\n<li><strong>Safari, iPad et iPhone<\/strong><br\/>Pr\u00e9f\u00e9rences &gt; Confidentialit\u00e9<br\/>Plus d\u2019informations : <a href=\"http:\/\/www.apple.com\/es\/privacy\/use-of-cookies\/\" target=\"_blank\" rel=\"noreferrer noopener\">http:\/\/www.apple.com\/es\/privacy\/use-of-cookies\/<\/a><\/li>\n\n\n\n<li><strong>Opera<br\/><\/strong>Param\u00e8tres &gt; Options &gt; Avanc\u00e9 &gt; Cookies<br\/>Plus d\u2019informations : <a href=\"http:\/\/help.opera.com\/Linux\/10.60\/es-ES\/cookies.html\" target=\"_blank\" rel=\"noreferrer noopener\">http:\/\/help.opera.com\/Linux\/10.60\/es-ES\/cookies.html<\/a><br\/><\/li>\n<\/ul>\n\n<p><strong>Consentement \u00e0 l\u2019utilisation des cookies<\/strong><\/p>\n\n<p>L\u2019Utilisateur d\u00e9clare avoir \u00e9t\u00e9 inform\u00e9 des conditions relatives \u00e0 l\u2019utilisation des cookies, en acceptant et en consentant \u00e0 leur utilisation par <strong>Jender Iberica 2006 SL<\/strong> selon les modalit\u00e9s et aux fins indiqu\u00e9es dans le pr\u00e9sent Avis l\u00e9gal.<\/p>\n","protected":false},"excerpt":{"rendered":"<p>Le site web de Jender Iberica 2006 SL et ses domaines utilisent des cookies (petits fichiers d\u2019information que le serveur [&hellip;]<\/p>\n","protected":false},"author":2,"featured_media":0,"parent":0,"menu_order":0,"comment_status":"closed","ping_status":"closed","template":"","meta":{"_acf_changed":false,"site-sidebar-layout":"default","site-content-layout":"","ast-site-content-layout":"default","site-content-style":"default","site-sidebar-style":"default","ast-global-header-display":"","ast-banner-title-visibility":"","ast-main-header-display":"","ast-hfb-above-header-display":"","ast-hfb-below-header-display":"","ast-hfb-mobile-header-display":"","site-post-title":"","ast-breadcrumbs-content":"","ast-featured-img":"","footer-sml-layout":"","ast-disable-related-posts":"","theme-transparent-header-meta":"","adv-header-id-meta":"","stick-header-meta":"","header-above-stick-meta":"","header-main-stick-meta":"","header-below-stick-meta":"","astra-migrate-meta-layouts":"default","ast-page-background-enabled":"default","ast-page-background-meta":{"desktop":{"background-color":"var(--ast-global-color-5)","background-image":"","background-repeat":"repeat","background-position":"center center","background-size":"auto","background-attachment":"scroll","background-type":"","background-media":"","overlay-type":"","overlay-color":"","overlay-opacity":"","overlay-gradient":""},"tablet":{"background-color":"","background-image":"","background-repeat":"repeat","background-position":"center center","background-size":"auto","background-attachment":"scroll","background-type":"","background-media":"","overlay-type":"","overlay-color":"","overlay-opacity":"","overlay-gradient":""},"mobile":{"background-color":"","background-image":"","background-repeat":"repeat","background-position":"center center","background-size":"auto","background-attachment":"scroll","background-type":"","background-media":"","overlay-type":"","overlay-color":"","overlay-opacity":"","overlay-gradient":""}},"ast-content-background-meta":{"desktop":{"background-color":"var(--ast-global-color-4)","background-image":"","background-repeat":"repeat","background-position":"center center","background-size":"auto","background-attachment":"scroll","background-type":"","background-media":"","overlay-type":"","overlay-color":"","overlay-opacity":"","overlay-gradient":""},"tablet":{"background-color":"var(--ast-global-color-4)","background-image":"","background-repeat":"repeat","background-position":"center center","background-size":"auto","background-attachment":"scroll","background-type":"","background-media":"","overlay-type":"","overlay-color":"","overlay-opacity":"","overlay-gradient":""},"mobile":{"background-color":"var(--ast-global-color-4)","background-image":"","background-repeat":"repeat","background-position":"center center","background-size":"auto","background-attachment":"scroll","background-type":"","background-media":"","overlay-type":"","overlay-color":"","overlay-opacity":"","overlay-gradient":""}},"footnotes":""},"class_list":["post-7562","page","type-page","status-publish","hentry"],"acf":[],"_links":{"self":[{"href":"https:\/\/frosty-sammet.109-228-56-25.plesk.page\/fr\/wp-json\/wp\/v2\/pages\/7562","targetHints":{"allow":["GET"]}}],"collection":[{"href":"https:\/\/frosty-sammet.109-228-56-25.plesk.page\/fr\/wp-json\/wp\/v2\/pages"}],"about":[{"href":"https:\/\/frosty-sammet.109-228-56-25.plesk.page\/fr\/wp-json\/wp\/v2\/types\/page"}],"author":[{"embeddable":true,"href":"https:\/\/frosty-sammet.109-228-56-25.plesk.page\/fr\/wp-json\/wp\/v2\/users\/2"}],"replies":[{"embeddable":true,"href":"https:\/\/frosty-sammet.109-228-56-25.plesk.page\/fr\/wp-json\/wp\/v2\/comments?post=7562"}],"version-history":[{"count":1,"href":"https:\/\/frosty-sammet.109-228-56-25.plesk.page\/fr\/wp-json\/wp\/v2\/pages\/7562\/revisions"}],"predecessor-version":[{"id":7563,"href":"https:\/\/frosty-sammet.109-228-56-25.plesk.page\/fr\/wp-json\/wp\/v2\/pages\/7562\/revisions\/7563"}],"wp:attachment":[{"href":"https:\/\/frosty-sammet.109-228-56-25.plesk.page\/fr\/wp-json\/wp\/v2\/media?parent=7562"}],"curies":[{"name":"wp","href":"https:\/\/api.w.org\/{rel}","templated":true}]}}