{"id":7086,"date":"2026-04-22T11:28:08","date_gmt":"2026-04-22T11:28:08","guid":{"rendered":"https:\/\/cool-panini.185-226-232-135.plesk.page\/mentions-legales\/"},"modified":"2026-04-27T10:04:26","modified_gmt":"2026-04-27T10:04:26","slug":"mentions-legales","status":"publish","type":"page","link":"https:\/\/frosty-sammet.109-228-56-25.plesk.page\/fr\/mentions-legales\/","title":{"rendered":"Mentions l\u00e9gales"},"content":{"rendered":"\n<p><strong>Propri\u00e9t\u00e9 intellectuelle et industrielle<\/strong><\/p>\n\n<p>L\u2019int\u00e9gralit\u00e9 de ce site web : textes, images, marques commerciales, logos, fichiers audio et vid\u00e9o, boutons, fichiers logiciels, combinaisons de couleurs, ainsi que la structure, la s\u00e9lection, l\u2019agencement et la pr\u00e9sentation de ses contenus, est prot\u00e9g\u00e9e par les lois espagnoles et internationales sur la propri\u00e9t\u00e9 intellectuelle et industrielle. De m\u00eame, et sans pr\u00e9judice de ce qui pr\u00e9c\u00e8de, le contenu de ce site web est \u00e9galement consid\u00e9r\u00e9 comme un programme informatique et toute la r\u00e9glementation espagnole et communautaire europ\u00e9enne en vigueur en la mati\u00e8re lui est applicable. La reproduction totale ou partielle de ce site web ou de l\u2019un de ses contenus est express\u00e9ment interdite sans l\u2019autorisation expresse et \u00e9crite de JENDER Ib\u00e9rica 2006 S.L. Sur cette page, vous trouverez des informations relatives \u00e0 la politique de collecte et de traitement des cookies, conform\u00e9ment aux dispositions de l\u2019article 22.2 de la loi 34\/2002 du 11 juillet relative aux services de la soci\u00e9t\u00e9 de l\u2019information et du commerce \u00e9lectronique.  <\/p>\n\n<p>Nous vous informons que vos donn\u00e9es \u00e0 caract\u00e8re personnel sont int\u00e9gr\u00e9es dans un fichier enregistr\u00e9 aupr\u00e8s de l\u2019Agence espagnole de protection des donn\u00e9es, dont la propri\u00e9t\u00e9 et la responsabilit\u00e9 incombent \u00e0 JENDER Ib\u00e9rica 2006 S.L., unique destinataire de celles-ci, afin de g\u00e9rer de mani\u00e8re ad\u00e9quate nos relations commerciales. La personne concern\u00e9e pourra, \u00e0 tout moment, exercer ses droits d\u2019acc\u00e8s, de rectification, de suppression et d\u2019opposition concernant ses donn\u00e9es personnelles par \u00e9crit adress\u00e9 \u00e0 JENDER Ib\u00e9rica 2006 S.L., c\/ Almansa 2 \u2013 2\u00aa plta. Zone industrielle Carr\u00fas 03206 Elche (ALICANTE) ou par t\u00e9l\u00e9phone au 965 463 436. Le responsable du fichier a pris les mesures n\u00e9cessaires pour garantir \u00e0 tout moment la s\u00e9curit\u00e9 et la confidentialit\u00e9 des donn\u00e9es fournies.   <\/p>\n","protected":false},"excerpt":{"rendered":"<p>Propri\u00e9t\u00e9 intellectuelle et industrielle L\u2019int\u00e9gralit\u00e9 de ce site web : textes, images, marques commerciales, logos, fichiers audio et vid\u00e9o, boutons, [&hellip;]<\/p>\n","protected":false},"author":2,"featured_media":0,"parent":0,"menu_order":0,"comment_status":"closed","ping_status":"closed","template":"","meta":{"_acf_changed":false,"site-sidebar-layout":"default","site-content-layout":"","ast-site-content-layout":"default","site-content-style":"default","site-sidebar-style":"default","ast-global-header-display":"","ast-banner-title-visibility":"","ast-main-header-display":"","ast-hfb-above-header-display":"","ast-hfb-below-header-display":"","ast-hfb-mobile-header-display":"","site-post-title":"","ast-breadcrumbs-content":"","ast-featured-img":"","footer-sml-layout":"","ast-disable-related-posts":"","theme-transparent-header-meta":"","adv-header-id-meta":"","stick-header-meta":"","header-above-stick-meta":"","header-main-stick-meta":"","header-below-stick-meta":"","astra-migrate-meta-layouts":"default","ast-page-background-enabled":"default","ast-page-background-meta":{"desktop":{"background-color":"var(--ast-global-color-5)","background-image":"","background-repeat":"repeat","background-position":"center center","background-size":"auto","background-attachment":"scroll","background-type":"","background-media":"","overlay-type":"","overlay-color":"","overlay-opacity":"","overlay-gradient":""},"tablet":{"background-color":"","background-image":"","background-repeat":"repeat","background-position":"center center","background-size":"auto","background-attachment":"scroll","background-type":"","background-media":"","overlay-type":"","overlay-color":"","overlay-opacity":"","overlay-gradient":""},"mobile":{"background-color":"","background-image":"","background-repeat":"repeat","background-position":"center center","background-size":"auto","background-attachment":"scroll","background-type":"","background-media":"","overlay-type":"","overlay-color":"","overlay-opacity":"","overlay-gradient":""}},"ast-content-background-meta":{"desktop":{"background-color":"var(--ast-global-color-4)","background-image":"","background-repeat":"repeat","background-position":"center center","background-size":"auto","background-attachment":"scroll","background-type":"","background-media":"","overlay-type":"","overlay-color":"","overlay-opacity":"","overlay-gradient":""},"tablet":{"background-color":"var(--ast-global-color-4)","background-image":"","background-repeat":"repeat","background-position":"center center","background-size":"auto","background-attachment":"scroll","background-type":"","background-media":"","overlay-type":"","overlay-color":"","overlay-opacity":"","overlay-gradient":""},"mobile":{"background-color":"var(--ast-global-color-4)","background-image":"","background-repeat":"repeat","background-position":"center center","background-size":"auto","background-attachment":"scroll","background-type":"","background-media":"","overlay-type":"","overlay-color":"","overlay-opacity":"","overlay-gradient":""}},"footnotes":""},"class_list":["post-7086","page","type-page","status-publish","hentry"],"acf":[],"_links":{"self":[{"href":"https:\/\/frosty-sammet.109-228-56-25.plesk.page\/fr\/wp-json\/wp\/v2\/pages\/7086","targetHints":{"allow":["GET"]}}],"collection":[{"href":"https:\/\/frosty-sammet.109-228-56-25.plesk.page\/fr\/wp-json\/wp\/v2\/pages"}],"about":[{"href":"https:\/\/frosty-sammet.109-228-56-25.plesk.page\/fr\/wp-json\/wp\/v2\/types\/page"}],"author":[{"embeddable":true,"href":"https:\/\/frosty-sammet.109-228-56-25.plesk.page\/fr\/wp-json\/wp\/v2\/users\/2"}],"replies":[{"embeddable":true,"href":"https:\/\/frosty-sammet.109-228-56-25.plesk.page\/fr\/wp-json\/wp\/v2\/comments?post=7086"}],"version-history":[{"count":1,"href":"https:\/\/frosty-sammet.109-228-56-25.plesk.page\/fr\/wp-json\/wp\/v2\/pages\/7086\/revisions"}],"predecessor-version":[{"id":7089,"href":"https:\/\/frosty-sammet.109-228-56-25.plesk.page\/fr\/wp-json\/wp\/v2\/pages\/7086\/revisions\/7089"}],"wp:attachment":[{"href":"https:\/\/frosty-sammet.109-228-56-25.plesk.page\/fr\/wp-json\/wp\/v2\/media?parent=7086"}],"curies":[{"name":"wp","href":"https:\/\/api.w.org\/{rel}","templated":true}]}}